{"id":559,"date":"2025-04-02T15:16:33","date_gmt":"2025-04-02T13:16:33","guid":{"rendered":"https:\/\/www.montgenevrehospitality.com\/?page_id=559"},"modified":"2025-07-10T18:03:37","modified_gmt":"2025-07-10T16:03:37","slug":"informazioni-legali","status":"publish","type":"page","link":"https:\/\/www.montgenevrehospitality.com\/it\/informazioni-legali\/","title":{"rendered":"Informazioni legali"},"content":{"rendered":"<div data-elementor-type=\"wp-page\" data-elementor-id=\"559\" class=\"elementor elementor-559\" data-elementor-post-type=\"page\">\n\t\t\t\t<div class=\"elementor-element elementor-element-aba3fcc e-con-full hero e-flex e-con e-parent\" data-id=\"aba3fcc\" data-element_type=\"container\" data-settings=\"{&quot;background_background&quot;:&quot;classic&quot;}\">\n\t\t<div class=\"elementor-element elementor-element-c4837ef e-con-full e-flex e-con e-child\" data-id=\"c4837ef\" data-element_type=\"container\">\n\t\t\t\t<div class=\"elementor-element elementor-element-d9d797b elementor-widget__width-initial hero-content elementor-widget elementor-widget-heading\" data-id=\"d9d797b\" data-element_type=\"widget\" data-widget_type=\"heading.default\">\n\t\t\t\t<div class=\"elementor-widget-container\">\n\t\t\t\t\t<h1 class=\"elementor-heading-title elementor-size-default\">Avviso legale - Ospitalit\u00e0 Monginevro<\/h1>\t\t\t\t<\/div>\n\t\t\t\t<\/div>\n\t\t\t\t<div class=\"elementor-element elementor-element-00527a3 elementor-widget__width-auto hero-content elementor-hidden-mobile elementor-widget elementor-widget-text-editor\" data-id=\"00527a3\" data-element_type=\"widget\" data-widget_type=\"text-editor.default\">\n\t\t\t\t<div class=\"elementor-widget-container\">\n\t\t\t\t\t\t\t\t\t<p>44\u00b093\u2032 N, 6\u00b072\u2032 E.<\/p>\t\t\t\t\t\t\t\t<\/div>\n\t\t\t\t<\/div>\n\t\t\t\t<\/div>\n\t\t<div class=\"elementor-element elementor-element-e7adc47 e-con-full home-hero-marquee e-flex e-con e-child\" data-id=\"e7adc47\" data-element_type=\"container\">\n\t\t\t\t<div class=\"elementor-element elementor-element-0ac343d elementor-widget__width-inherit elementor-widget elementor-widget-heading\" data-id=\"0ac343d\" data-element_type=\"widget\" data-widget_type=\"heading.default\">\n\t\t\t\t<div class=\"elementor-widget-container\">\n\t\t\t\t\t<span class=\"elementor-heading-title elementor-size-default\">AVVISI LEGALI<\/span>\t\t\t\t<\/div>\n\t\t\t\t<\/div>\n\t\t\t\t<div class=\"elementor-element elementor-element-958c96f elementor-widget__width-inherit elementor-widget elementor-widget-heading\" data-id=\"958c96f\" data-element_type=\"widget\" data-widget_type=\"heading.default\">\n\t\t\t\t<div class=\"elementor-widget-container\">\n\t\t\t\t\t<span class=\"elementor-heading-title elementor-size-default\">AVVISI LEGALI<\/span>\t\t\t\t<\/div>\n\t\t\t\t<\/div>\n\t\t\t\t<\/div>\n\t\t\t\t<div class=\"elementor-element elementor-element-c20f65e elementor-widget__width-auto hero-content elementor-hidden-desktop elementor-hidden-laptop elementor-hidden-tablet_extra elementor-hidden-tablet elementor-widget elementor-widget-text-editor\" data-id=\"c20f65e\" data-element_type=\"widget\" data-widget_type=\"text-editor.default\">\n\t\t\t\t<div class=\"elementor-widget-container\">\n\t\t\t\t\t\t\t\t\t<p>44\u00b093\u2032 N, 6\u00b072\u2032 E.<\/p>\t\t\t\t\t\t\t\t<\/div>\n\t\t\t\t<\/div>\n\t\t\t\t<\/div>\n\t\t<div class=\"elementor-element elementor-element-5e8ccb8 e-flex e-con-boxed e-con e-parent\" data-id=\"5e8ccb8\" data-element_type=\"container\">\n\t\t\t\t\t<div class=\"e-con-inner\">\n\t\t\t\t<div class=\"elementor-element elementor-element-8a8ac95 elementor-widget-mobile__width-inherit elementor-widget elementor-widget-text-editor\" data-id=\"8a8ac95\" data-element_type=\"widget\" data-widget_type=\"text-editor.default\">\n\t\t\t\t<div class=\"elementor-widget-container\">\n\t\t\t\t\t\t\t\t\t<div class=\"elementor elementor-840\" data-elementor-type=\"wp-page\" data-elementor-id=\"840\" data-elementor-post-type=\"page\"><div class=\"elementor-element elementor-element-2784abd e-flex e-con-boxed e-con e-parent e-lazyloaded\" data-id=\"2784abd\" data-element_type=\"container\" data-settings=\"{&quot;background_background&quot;:&quot;classic&quot;}\"><div class=\"e-con-inner\"><div class=\"elementor-element elementor-element-00ac295 elementor-widget elementor-widget-text-editor\" data-id=\"00ac295\" data-element_type=\"widget\" data-widget_type=\"text-editor.default\"><div class=\"elementor-widget-container\"><div><h2 data-start=\"290\" data-end=\"316\">1. Informazioni legali<\/h2><p data-start=\"318\" data-end=\"409\">I seguenti siti web sono pubblicati da entit\u00e0 del gruppo Montgen\u00e8vre Hospitality:<\/p><h3 data-start=\"416\" data-end=\"446\">\ud83d\udd39 <strong data-start=\"423\" data-end=\"444\">Anova Hotel &amp; Spa<\/strong><\/h3><p data-start=\"447\" data-end=\"771\"><strong data-start=\"447\" data-end=\"456\">URL :<\/strong> <a class=\"\" href=\"http:\/\/www.anova-hotel.com\" target=\"_new\" rel=\"noopener nofollow\" data-start=\"457\" data-end=\"476\">www.anova-hotel.com<\/a><br data-start=\"476\" data-end=\"479\" \/><strong data-start=\"479\" data-end=\"499\">Nome della societ\u00e0 :<\/strong> ALBERGO SARL ANOVA<br data-start=\"516\" data-end=\"519\" \/><strong data-start=\"519\" data-end=\"539\">Capitale sociale :<\/strong> 11 430 \u20ac<br data-start=\"548\" data-end=\"551\" \/><strong data-start=\"551\" data-end=\"579\">IVA intracomunitaria :<\/strong> FR25433290921<br data-start=\"593\" data-end=\"596\" \/><strong data-start=\"596\" data-end=\"605\">RCS :<\/strong> Gap - SIRET 433 290 921 00025<br data-start=\"635\" data-end=\"638\" \/><strong data-start=\"638\" data-end=\"656\">Sede legale:<\/strong> 511 rue de l'Ob\u00e9lisque, 05100 Montgen\u00e8vre<br data-start=\"698\" data-end=\"701\" \/><strong data-start=\"701\" data-end=\"712\">Email :<\/strong> <a class=\"cursor-pointer\" rel=\"noopener\" data-start=\"713\" data-end=\"733\">info@anova-hotel.com<\/a><br data-start=\"733\" data-end=\"736\" \/><strong data-start=\"736\" data-end=\"751\">Telefono :<\/strong> +33 4 92 54 48 04<\/p><hr data-start=\"773\" data-end=\"776\" \/><h3 data-start=\"778\" data-end=\"812\">\u00a0<\/h3><h3 data-start=\"778\" data-end=\"812\">\ud83d\udd39 <strong data-start=\"785\" data-end=\"810\">Albergo Le Chalet Blanc<\/strong><\/h3><p data-start=\"813\" data-end=\"1167\"><strong data-start=\"813\" data-end=\"822\">URL :<\/strong> <a class=\"\" href=\"http:\/\/www.hotellechaletblanc.com\" target=\"_new\" rel=\"noopener nofollow\" data-start=\"823\" data-end=\"849\">www.hotellechaletblanc.com<\/a><br data-start=\"849\" data-end=\"852\" \/><strong data-start=\"852\" data-end=\"872\">Nome della societ\u00e0 :<\/strong> SAS LE CHALET BLANC HOTEL &amp; SPA<br data-start=\"904\" data-end=\"907\" \/><strong data-start=\"907\" data-end=\"927\">Capitale sociale :<\/strong> 50 000 \u20ac<br data-start=\"936\" data-end=\"939\" \/><strong data-start=\"939\" data-end=\"967\">IVA intracomunitaria :<\/strong> FR94899711758<br data-start=\"981\" data-end=\"984\" \/><strong data-start=\"984\" data-end=\"993\">RCS :<\/strong> Gap - SIRET 899 711 758 00016<br data-start=\"1023\" data-end=\"1026\" \/><strong data-start=\"1026\" data-end=\"1044\">Sede legale:<\/strong> 7 Hameau de l'Ob\u00e9lisque, 05100 Montgen\u00e8vre<br data-start=\"1087\" data-end=\"1090\" \/><strong data-start=\"1090\" data-end=\"1101\">Email :<\/strong> <a class=\"cursor-pointer\" rel=\"noopener\" data-start=\"1102\" data-end=\"1129\">info@hotellechaletblanc.com<\/a><br data-start=\"1129\" data-end=\"1132\" \/><strong data-start=\"1132\" data-end=\"1147\">Telefono :<\/strong> +33 6 73 56 86 94<\/p><hr data-start=\"1169\" data-end=\"1172\" \/><h3 data-start=\"1174\" data-end=\"1199\">\u00a0<\/h3><h3 data-start=\"1174\" data-end=\"1199\">\ud83d\udd39 <strong data-start=\"1181\" data-end=\"1197\">Agenzia Anova<\/strong><\/h3><p data-start=\"1200\" data-end=\"1498\"><strong data-start=\"1200\" data-end=\"1209\">URL :<\/strong> <a class=\"\" href=\"http:\/\/www.agenceanova.com\" target=\"_new\" rel=\"noopener nofollow\" data-start=\"1210\" data-end=\"1229\">www.agenceanova.com<\/a><br data-start=\"1229\" data-end=\"1232\" \/><strong data-start=\"1232\" data-end=\"1252\">Nome della societ\u00e0 :<\/strong> SAS AGENCE ANOVA<br data-start=\"1269\" data-end=\"1272\" \/><strong data-start=\"1272\" data-end=\"1292\">Capitale sociale :<\/strong> 10 000 \u20ac<br data-start=\"1301\" data-end=\"1304\" \/><strong data-start=\"1304\" data-end=\"1332\">IVA intracomunitaria :<\/strong> FR06891328536<br data-start=\"1346\" data-end=\"1349\" \/><strong data-start=\"1349\" data-end=\"1358\">RCS :<\/strong> Gap - SIRET 891 328 536 00018<br data-start=\"1388\" data-end=\"1391\" \/><strong data-start=\"1391\" data-end=\"1409\">Sede legale:<\/strong> Hameau de l'Ob\u00e9lisque (presso SBH), 05100 Montgen\u00e8vre<br data-start=\"1461\" data-end=\"1464\" \/><strong data-start=\"1464\" data-end=\"1475\">Email :<\/strong> <a class=\"cursor-pointer\" rel=\"noopener\" data-start=\"1476\" data-end=\"1496\">info@agenceanova.com<\/a><\/p><\/div><div><h2 data-start=\"1815\" data-end=\"1836\">2. Scopo dei siti<\/h2><p data-start=\"1838\" data-end=\"2068\">I siti presentano le seguenti strutture e servizi: alloggi, ristoranti, terme, affitti per vacanze, servizi di concierge, servizi turistici e nautici. Possono anche essere utilizzati per effettuare prenotazioni o mettersi in contatto.<\/p><h2 data-start=\"2075\" data-end=\"2103\">3. Editore e hosting<\/h2><p data-start=\"2105\" data-end=\"2324\"><strong data-start=\"2105\" data-end=\"2163\">Direttore di pubblicazione e responsabile editoriale :<\/strong> la societ\u00e0 operativa indicata per il sito in questione.<br data-start=\"2221\" data-end=\"2224\" \/><strong data-start=\"2224\" data-end=\"2268\">Progettazione, sviluppo, hosting :<\/strong> Eliophot - <a class=\"\" href=\"https:\/\/www.eliophot.com\" target=\"_new\" rel=\"noopener nofollow\" data-start=\"2280\" data-end=\"2324\">www.eliophot.com<\/a><\/p><h2 data-start=\"2331\" data-end=\"2357\">\u00a0<\/h2><h2 data-start=\"2331\" data-end=\"2357\">4. Dati personali<\/h2><p data-start=\"2359\" data-end=\"2621\">I dati personali raccolti vengono trattati in conformit\u00e0 al RGPD. Avete il diritto di accesso, rettifica, cancellazione e opposizione.<br data-start=\"2517\" data-end=\"2520\" \/>L'utente pu\u00f2 esercitare tale diritto contattando l'entit\u00e0 interessata tramite i recapiti sopra indicati. Diritti di propriet\u00e0 intellettuale<\/p><p data-start=\"2660\" data-end=\"2820\">Tutti i contenuti (testi, immagini, loghi, ecc.) sono protetti. \u00c8 vietata la riproduzione o la distribuzione senza autorizzazione scritta, tranne che per uso personale.<\/p><h2 data-start=\"2827\" data-end=\"2847\">\u00a0<\/h2><h2 data-start=\"2827\" data-end=\"2847\">6. Collegamenti esterni<\/h2><p data-start=\"2849\" data-end=\"2953\">Gli editori non sono responsabili del contenuto dei siti di terzi accessibili dalle loro piattaforme.<\/p><h2 data-start=\"2960\" data-end=\"2985\">\u00a0<\/h2><h2 data-start=\"2960\" data-end=\"2985\">7. Controversie e mediazione<\/h2><p data-start=\"2987\" data-end=\"3208\">In caso di controversia, il cliente \u00e8 invitato a contattare lo stabilimento interessato.<br data-start=\"3063\" data-end=\"3066\" \/>Se non viene raggiunto un accordo amichevole, il dipendente pu\u00f2 sottoporre la questione a :<br data-start=\"3120\" data-end=\"3123\" \/><strong data-start=\"3123\" data-end=\"3165\">AME CONSO - <a class=\"\" href=\"http:\/\/www.mediationconso-ame.com\" rel=\"nofollow noopener\" data-start=\"3137\" data-end=\"3163\" target=\"_blank\">www.mediationconso-ame.com<\/a><\/strong><br data-start=\"3165\" data-end=\"3168\" \/>Indirizzo: 11 place Dauphine, 75001 Paris<\/p><h2 data-start=\"3215\" data-end=\"3264\">\u00a0<\/h2><h2 data-start=\"3215\" data-end=\"3264\">8. Piattaforma europea di pagamento online<\/h2><p data-start=\"3266\" data-end=\"3304\"><a class=\"\" href=\"https:\/\/ec.europa.eu\/consumers\/odr\/\" rel=\"nofollow noopener\" data-start=\"3269\" data-end=\"3304\" target=\"_blank\">https:\/\/ec.europa.eu\/consumers\/odr\/<\/a><\/p><h2 data-start=\"3311\" data-end=\"3349\">\u00a0<\/h2><h2 data-start=\"3311\" data-end=\"3349\">9. Nessun diritto di recesso<\/h2><p data-start=\"3351\" data-end=\"3456\">Il diritto di recesso non si applica ai servizi datati (alloggio, noleggio, charter, ecc.).<\/p><h2 data-start=\"3463\" data-end=\"3498\">\u00a0<\/h2><h2 data-start=\"3463\" data-end=\"3498\">10. Limitazione di responsabilit\u00e0<\/h2><p data-start=\"3500\" data-end=\"3665\">Gli editori non si assumono alcuna responsabilit\u00e0 per eventuali errori, omissioni o interruzioni del servizio. Non garantiscono l'accuratezza delle informazioni pubblicate.<\/p><h2 data-start=\"3672\" data-end=\"3712\">\u00a0<\/h2><h2 data-start=\"3672\" data-end=\"3712\">11. Modifica degli avvisi legali<\/h2><p data-start=\"3714\" data-end=\"3814\">Le presenti avvertenze possono essere modificate in qualsiasi momento. Si consiglia di consultarle regolarmente.<\/p><\/div><div>\u00a0<\/div><\/div><\/div><\/div><\/div><\/div>\t\t\t\t\t\t\t\t<\/div>\n\t\t\t\t<\/div>\n\t\t\t\t\t<\/div>\n\t\t\t\t<\/div>\n\t\t\t\t<\/div>","protected":false},"excerpt":{"rendered":"<p>Informazioni legali - Montgen\u00e8vre Hospitality 44\u00b093\u2032 N, 6\u00b072\u2032 E. INFORMAZIONI LEGALI INFORMAZIONI LEGALI 44\u00b093\u2032 N, 6\u00b072\u2032 E. 1. Informazioni legali I seguenti siti web sono pubblicati dalle entit\u00e0 del gruppo Montgen\u00e8vre Hospitality: \ud83d\udd39 Anova H\u00f4tel &amp; Spa URL: www.anova-hotel.comRaison Denominazione sociale: SARL ANOVA HOTELCapitale sociale: 11 430 \u20acTVA intracommunautaire: FR25433290921RCS: Gap [...]<\/p>","protected":false},"author":13,"featured_media":0,"parent":0,"menu_order":0,"comment_status":"closed","ping_status":"closed","template":"","meta":{"inline_featured_image":false,"footnotes":""},"class_list":["post-559","page","type-page","status-publish","hentry"],"_links":{"self":[{"href":"https:\/\/www.montgenevrehospitality.com\/it\/wp-json\/wp\/v2\/pages\/559","targetHints":{"allow":["GET"]}}],"collection":[{"href":"https:\/\/www.montgenevrehospitality.com\/it\/wp-json\/wp\/v2\/pages"}],"about":[{"href":"https:\/\/www.montgenevrehospitality.com\/it\/wp-json\/wp\/v2\/types\/page"}],"author":[{"embeddable":true,"href":"https:\/\/www.montgenevrehospitality.com\/it\/wp-json\/wp\/v2\/users\/13"}],"replies":[{"embeddable":true,"href":"https:\/\/www.montgenevrehospitality.com\/it\/wp-json\/wp\/v2\/comments?post=559"}],"version-history":[{"count":43,"href":"https:\/\/www.montgenevrehospitality.com\/it\/wp-json\/wp\/v2\/pages\/559\/revisions"}],"predecessor-version":[{"id":3509,"href":"https:\/\/www.montgenevrehospitality.com\/it\/wp-json\/wp\/v2\/pages\/559\/revisions\/3509"}],"wp:attachment":[{"href":"https:\/\/www.montgenevrehospitality.com\/it\/wp-json\/wp\/v2\/media?parent=559"}],"curies":[{"name":"wp","href":"https:\/\/api.w.org\/{rel}","templated":true}]}}